{"id":1000014368,"date":"2025-06-16T18:30:24","date_gmt":"2025-06-16T23:30:24","guid":{"rendered":"https:\/\/itsvane.com\/?page_id=1000014368"},"modified":"2025-07-05T20:58:12","modified_gmt":"2025-07-06T01:58:12","slug":"familia-registro","status":"publish","type":"page","link":"https:\/\/itsvane.com\/pt\/familia-registro\/","title":{"rendered":"Familia Registro"},"content":{"rendered":"<div data-elementor-type=\"wp-page\" data-elementor-id=\"1000014368\" class=\"elementor elementor-1000014368\">\n\t\t\t\t<div class=\"elementor-element elementor-element-bd1cd99 e-flex e-con-boxed e-con e-parent\" data-id=\"bd1cd99\" data-element_type=\"container\">\n\t\t\t\t\t<div class=\"e-con-inner\">\n\t\t\t\t<div class=\"elementor-element elementor-element-08c9ec8 elementor-widget elementor-widget-html\" data-id=\"08c9ec8\" data-element_type=\"widget\" data-widget_type=\"html.default\">\n\t\t\t\t<div class=\"elementor-widget-container\">\n\t\t\t\t\t<!-- Cargar Font Awesome 5 manualmente -->\r\n<link rel=\"stylesheet\" href=\"https:\/\/cdnjs.cloudflare.com\/ajax\/libs\/font-awesome\/5.15.4\/css\/all.min.css\">\r\n<style>\r\n#wpforms-form-1000014370 label.wpforms-field-label {\r\n    margin-bottom: 8px !important;\r\n}\r\n#wpforms-form-1000014370 .wpforms-field-large.wpforms-field-required{\r\n    min-height: 40px !important;\r\n}\r\n\r\n<\/style>\t\t\t\t<\/div>\n\t\t\t\t<\/div>\n\t\t\t\t<div class=\"elementor-element elementor-element-278c5d9 elementor-widget elementor-widget-html\" data-id=\"278c5d9\" data-element_type=\"widget\" data-widget_type=\"html.default\">\n\t\t\t\t<div class=\"elementor-widget-container\">\n\t\t\t\t\t<style>\n#dbt-header.ech-header nav ul li:nth-child(2) a {\n    text-decoration: underline;\n}\n<\/style>\t\t\t\t<\/div>\n\t\t\t\t<\/div>\n\t\t\t\t\t<\/div>\n\t\t\t\t<\/div>\n\t\t<div class=\"elementor-element elementor-element-ac3f4e9 e-flex e-con-boxed e-con e-parent\" data-id=\"ac3f4e9\" data-element_type=\"container\">\n\t\t\t\t\t<div class=\"e-con-inner\">\n\t\t<div class=\"elementor-element elementor-element-3bfdc2a e-con-full e-flex e-con e-child\" data-id=\"3bfdc2a\" data-element_type=\"container\">\n\t\t\t\t<div class=\"elementor-element elementor-element-dcd9da4 elementor-widget__width-inherit elementor-widget elementor-widget-canvas_header_widget\" data-id=\"dcd9da4\" data-element_type=\"widget\" data-widget_type=\"canvas_header_widget.default\">\n\t\t\t\t<div class=\"elementor-widget-container\">\n\t\t\t\t\t        \n\n\n<script>\n    document.addEventListener('DOMContentLoaded', function () {\n        const buttons = document.querySelectorAll('.menu-toggle');\n        const overlay = document.createElement('div');\n        overlay.classList.add('menu-overlay');\n        document.body.appendChild(overlay);\n\n        buttons.forEach(btn => {\n            btn.addEventListener('click', function () {\n                const nav = btn.parentElement.querySelector('nav');\n                const header = btn.closest(\"#dbt-header\");\n                btn.classList.toggle('open');\n                nav.classList.toggle('open');\n                document.body.classList.toggle('menu-open');\n                overlay.classList.toggle('overlay-burguer', nav.classList.contains('open'));\n            });\n        });\n\n        overlay.addEventListener('click', function () {\n            document.querySelectorAll('.menu-toggle').forEach(btn => btn.classList.remove('open'));\n            document.querySelectorAll('#dbt-header nav').forEach(nav => nav.classList.remove('open'));\n            document.body.classList.remove('menu-open');\n            overlay.classList.remove('overlay-burguer');\n        });\n\n        document.querySelectorAll('#dbt-header nav a').forEach(link => {\n            link.addEventListener('click', function () {\n                document.querySelectorAll('.menu-toggle').forEach(btn => btn.classList.remove('open'));\n                document.querySelectorAll('#dbt-header nav').forEach(nav => nav.classList.remove('open'));\n                document.body.classList.remove('menu-open');\n                overlay.classList.remove('overlay-burguer');\n            });\n        });\n    });\n<\/script>\n\n\n\n        <header id=\"dbt-header\" class=\"ech-header\">\n            <div class=\"logo\">\n                <a href=\"https:\/\/itsvane.com\/pt\/\"><img decoding=\"async\" src=\"https:\/\/itsvane.com\/wp-content\/uploads\/2025\/04\/SIDBT.svg\" alt=\"Logo\"><\/a>\n            <\/div>\n            <button class=\"menu-toggle\"><\/button>\n            <nav>\n                <ul><li><a href=\"https:\/\/itsvane.com\/pt\/beneficios\/\">Benef\u00edcios<\/a><\/li><li><a href=\"https:\/\/itsvane.com\/pt\/unete\/\">Juntar<\/a><\/li><li><a href=\"https:\/\/itsvane.com\/pt\/eventos-futuros\/\">Eventos Futuros<\/a><\/li><li><a href=\"https:\/\/itsvane.com\/pt\/contactanos\/\">Contate-nos<\/a><\/li><li><a href=\"https:\/\/itsvane.com\/pt\/login\/\">Acesso<\/a><\/li><\/ul>            <\/nav>\n        <\/header>\n        \t\t\t\t<\/div>\n\t\t\t\t<\/div>\n\t\t\t\t<\/div>\n\t\t\t\t\t<\/div>\n\t\t\t\t<\/div>\n\t\t<div class=\"elementor-element elementor-element-10481ce e-flex e-con-boxed e-con e-parent\" data-id=\"10481ce\" data-element_type=\"container\">\n\t\t\t\t\t<div class=\"e-con-inner\">\n\t\t<div class=\"elementor-element elementor-element-2c1453d e-con-full e-grid e-con e-child\" data-id=\"2c1453d\" data-element_type=\"container\">\n\t\t\t\t<div class=\"elementor-element elementor-element-2393f5a elementor-widget elementor-widget-heading\" data-id=\"2393f5a\" data-element_type=\"widget\" data-widget_type=\"heading.default\">\n\t\t\t\t<div class=\"elementor-widget-container\">\n\t\t\t\t\t<p class=\"elementor-heading-title elementor-size-default\"><b>Voc\u00ea \u00e9 parente de algum membro?<\/b> Preencha este formul\u00e1rio para se registrar e criar sua conta pessoal.\n<br><br>\nCom seu acesso, voc\u00ea poder\u00e1 explorar nossa biblioteca privada de links, com <b>conte\u00fado exclusivo e cuidadosamente selecionado<\/b>.\n<br><br>\nDepois de preencher o formul\u00e1rio, n\u00f3s o guiaremos pelo pagamento e ativa\u00e7\u00e3o do seu acesso.<\/p>\t\t\t\t<\/div>\n\t\t\t\t<\/div>\n\t\t\t\t<\/div>\n\t\t\t\t\t<\/div>\n\t\t\t\t<\/div>\n\t\t<div class=\"elementor-element elementor-element-582fb07 e-flex e-con-boxed e-con e-parent\" data-id=\"582fb07\" data-element_type=\"container\" data-settings=\"{&quot;background_background&quot;:&quot;classic&quot;}\">\n\t\t\t\t\t<div class=\"e-con-inner\">\n\t\t<div class=\"elementor-element elementor-element-61c5632 e-con-full e-flex e-con e-child\" data-id=\"61c5632\" data-element_type=\"container\">\n\t\t\t\t<div class=\"elementor-element elementor-element-70a36a9 elementor-widget elementor-widget-image\" data-id=\"70a36a9\" data-element_type=\"widget\" data-widget_type=\"image.default\">\n\t\t\t\t<div class=\"elementor-widget-container\">\n\t\t\t\t\t\t\t\t\t\t\t\t\t\t\t<img fetchpriority=\"high\" decoding=\"async\" width=\"563\" height=\"123\" src=\"https:\/\/itsvane.com\/wp-content\/uploads\/2025\/04\/wp-login-logo.svg\" class=\"attachment-large size-large wp-image-1000011569\" alt=\"\" \/>\t\t\t\t\t\t\t\t\t\t\t\t\t\t\t<\/div>\n\t\t\t\t<\/div>\n\t\t\t\t<\/div>\n\t\t<div class=\"elementor-element elementor-element-0c296a3 e-con-full e-flex e-con e-child\" data-id=\"0c296a3\" data-element_type=\"container\">\n\t\t\t\t<div class=\"elementor-element elementor-element-6900a62 elementor-widget elementor-widget-button\" data-id=\"6900a62\" data-element_type=\"widget\" data-widget_type=\"button.default\">\n\t\t\t\t<div class=\"elementor-widget-container\">\n\t\t\t\t\t\t\t\t\t<div class=\"elementor-button-wrapper\">\n\t\t\t\t\t<a class=\"elementor-button elementor-button-link elementor-size-sm\" href=\"https:\/\/itsvane.com\/pt\/unete\/\">\n\t\t\t\t\t\t<span class=\"elementor-button-content-wrapper\">\n\t\t\t\t\t\t\t\t\t<span class=\"elementor-button-text\">JUNTAR<\/span>\n\t\t\t\t\t<\/span>\n\t\t\t\t\t<\/a>\n\t\t\t\t<\/div>\n\t\t\t\t\t\t\t\t<\/div>\n\t\t\t\t<\/div>\n\t\t\t\t<div class=\"elementor-element elementor-element-59997e7 elementor-button-info elementor-widget elementor-widget-button\" data-id=\"59997e7\" data-element_type=\"widget\" data-widget_type=\"button.default\">\n\t\t\t\t<div class=\"elementor-widget-container\">\n\t\t\t\t\t\t\t\t\t<div class=\"elementor-button-wrapper\">\n\t\t\t\t\t<a class=\"elementor-button elementor-button-link elementor-size-sm\" href=\"https:\/\/itsvane.com\/pt\/contactanos\/\">\n\t\t\t\t\t\t<span class=\"elementor-button-content-wrapper\">\n\t\t\t\t\t\t\t\t\t<span class=\"elementor-button-text\">CONTATE-NOS<\/span>\n\t\t\t\t\t<\/span>\n\t\t\t\t\t<\/a>\n\t\t\t\t<\/div>\n\t\t\t\t\t\t\t\t<\/div>\n\t\t\t\t<\/div>\n\t\t\t\t<\/div>\n\t\t\t\t\t<\/div>\n\t\t\t\t<\/div>\n\t\t\t\t<\/div>","protected":false},"excerpt":{"rendered":"<p>Beneficios \u00danete Eventos Futuros Cont\u00e1ctanos IR A MI PERFIL \u00bfEres familiar de un miembro? Completa este formulario para registrarte y obtener tu cuenta personal. Con tu acceso, podr\u00e1s explorar nuestra [&hellip;]<\/p>","protected":false},"author":1,"featured_media":0,"parent":0,"menu_order":0,"comment_status":"closed","ping_status":"closed","template":"elementor_canvas","meta":{"_bbp_topic_count":0,"_bbp_reply_count":0,"_bbp_total_topic_count":0,"_bbp_total_reply_count":0,"_bbp_voice_count":0,"_bbp_anonymous_reply_count":0,"_bbp_topic_count_hidden":0,"_bbp_reply_count_hidden":0,"_bbp_forum_subforum_count":0,"pmpro_default_level":"","_joinchat":[],"footnotes":""},"class_list":["post-1000014368","page","type-page","status-publish","pmpro-has-access"],"_links":{"self":[{"href":"https:\/\/itsvane.com\/pt\/wp-json\/wp\/v2\/pages\/1000014368","targetHints":{"allow":["GET"]}}],"collection":[{"href":"https:\/\/itsvane.com\/pt\/wp-json\/wp\/v2\/pages"}],"about":[{"href":"https:\/\/itsvane.com\/pt\/wp-json\/wp\/v2\/types\/page"}],"author":[{"embeddable":true,"href":"https:\/\/itsvane.com\/pt\/wp-json\/wp\/v2\/users\/1"}],"replies":[{"embeddable":true,"href":"https:\/\/itsvane.com\/pt\/wp-json\/wp\/v2\/comments?post=1000014368"}],"version-history":[{"count":43,"href":"https:\/\/itsvane.com\/pt\/wp-json\/wp\/v2\/pages\/1000014368\/revisions"}],"predecessor-version":[{"id":1000014876,"href":"https:\/\/itsvane.com\/pt\/wp-json\/wp\/v2\/pages\/1000014368\/revisions\/1000014876"}],"wp:attachment":[{"href":"https:\/\/itsvane.com\/pt\/wp-json\/wp\/v2\/media?parent=1000014368"}],"curies":[{"name":"wp","href":"https:\/\/api.w.org\/{rel}","templated":true}]}}